{"id":1292,"date":"2023-04-28T14:39:40","date_gmt":"2023-04-28T14:39:40","guid":{"rendered":"https:\/\/www.lespetitesexperiences.com\/?page_id=1292"},"modified":"2025-02-12T22:34:21","modified_gmt":"2025-02-12T22:34:21","slug":"les-petites-jambes","status":"publish","type":"page","link":"https:\/\/www.lespetitesexperiences.com\/en\/decouvrez-nos-experiences\/les-petites-jambes\/","title":{"rendered":"Les Petites Jambes"},"content":{"rendered":"<div data-elementor-type=\"wp-page\" data-elementor-id=\"1292\" class=\"elementor elementor-1292\">\n\t\t\t\t\t\t<section class=\"elementor-section elementor-top-section elementor-element elementor-element-2cbcdce5 elementor-section-boxed elementor-section-height-default elementor-section-height-default\" data-id=\"2cbcdce5\" data-element_type=\"section\">\n\t\t\t\t\t\t<div class=\"elementor-container elementor-column-gap-no\">\n\t\t\t\t\t<div class=\"elementor-column elementor-col-100 elementor-top-column elementor-element elementor-element-2b82ded7\" data-id=\"2b82ded7\" data-element_type=\"column\">\n\t\t\t<div class=\"elementor-widget-wrap elementor-element-populated\">\n\t\t\t\t\t\t<div class=\"elementor-element elementor-element-6e3e05c4 elementor-widget elementor-widget-heading\" data-id=\"6e3e05c4\" data-element_type=\"widget\" data-widget_type=\"heading.default\">\n\t\t\t\t<div class=\"elementor-widget-container\">\n\t\t\t\t\t<h2 class=\"elementor-heading-title elementor-size-default\">Les petites jambes, travel planner<\/h2>\t\t\t\t<\/div>\n\t\t\t\t<\/div>\n\t\t\t\t<section class=\"elementor-section elementor-inner-section elementor-element elementor-element-6a454cc2 elementor-section-full_width elementor-section-height-default elementor-section-height-default\" data-id=\"6a454cc2\" data-element_type=\"section\">\n\t\t\t\t\t\t<div class=\"elementor-container elementor-column-gap-no\">\n\t\t\t\t\t<div class=\"elementor-column elementor-col-100 elementor-inner-column elementor-element elementor-element-3d08830b\" data-id=\"3d08830b\" data-element_type=\"column\">\n\t\t\t<div class=\"elementor-widget-wrap elementor-element-populated\">\n\t\t\t\t\t\t<div class=\"elementor-element elementor-element-30eddc15 elementor-widget elementor-widget-text-editor\" data-id=\"30eddc15\" data-element_type=\"widget\" data-widget_type=\"text-editor.default\">\n\t\t\t\t<div class=\"elementor-widget-container\">\n\t\t\t\t\t\t\t\t\t<p><span style=\"font-weight: 400;\">Vous pr\u00e9voyez un voyage au Maroc mais ne savez pas par o\u00f9 commencer pour l\u2019organiser\u00a0? Vous n\u2019avez pas le temps ni l\u2019envie de consacrer des soir\u00e9es enti\u00e8res \u00e0 la recherche des meilleures offres\u00a0sur Internet\u00a0? Vous avez peur de vous faire avoir en r\u00e9servant un riad qui sera bien moins sympa en vrai que sur les photos\u00a0?<\/span><\/p><p><span style=\"font-weight: 400;\">Bref, vous avez besoin de l\u2019expertise d\u2019un travel planner\u00a0!\u00a0<\/span><\/p><p>\u00a0<\/p>\t\t\t\t\t\t\t\t<\/div>\n\t\t\t\t<\/div>\n\t\t\t\t<div class=\"elementor-element elementor-element-67b57b17 elementor-align-center elementor-widget elementor-widget-button\" data-id=\"67b57b17\" data-element_type=\"widget\" data-widget_type=\"button.default\">\n\t\t\t\t<div class=\"elementor-widget-container\">\n\t\t\t\t\t\t\t\t\t<div class=\"elementor-button-wrapper\">\n\t\t\t\t\t<a class=\"elementor-button elementor-button-link elementor-size-md\" href=\"https:\/\/www.lespetitesjambes.com\/travel-planner\" target=\"_blank\" rel=\"noopener\">\n\t\t\t\t\t\t<span class=\"elementor-button-content-wrapper\">\n\t\t\t\t\t\t\t\t\t<span class=\"elementor-button-text\">D\u00c9COUVRIR LES PETITES JAMBES<\/span>\n\t\t\t\t\t<\/span>\n\t\t\t\t\t<\/a>\n\t\t\t\t<\/div>\n\t\t\t\t\t\t\t\t<\/div>\n\t\t\t\t<\/div>\n\t\t\t\t\t<\/div>\n\t\t<\/div>\n\t\t\t\t\t<\/div>\n\t\t<\/section>\n\t\t\t\t\t<\/div>\n\t\t<\/div>\n\t\t\t\t\t<\/div>\n\t\t<\/section>\n\t\t\t\t<section class=\"elementor-section elementor-top-section elementor-element elementor-element-247b9753 elementor-section-boxed elementor-section-height-default elementor-section-height-default\" data-id=\"247b9753\" data-element_type=\"section\" data-settings=\"{&quot;background_background&quot;:&quot;classic&quot;}\">\n\t\t\t\t\t\t<div class=\"elementor-container elementor-column-gap-custom\">\n\t\t\t\t\t<div class=\"elementor-column elementor-col-100 elementor-top-column elementor-element elementor-element-35018c48\" data-id=\"35018c48\" data-element_type=\"column\">\n\t\t\t<div class=\"elementor-widget-wrap elementor-element-populated\">\n\t\t\t\t\t\t<div class=\"elementor-element elementor-element-cb633ed elementor-widget elementor-widget-wpzoom-elementor-addons-team-members\" data-id=\"cb633ed\" data-element_type=\"widget\" data-widget_type=\"wpzoom-elementor-addons-team-members.default\">\n\t\t\t\t<div class=\"elementor-widget-container\">\n\t\t\t\t\t\n\t\t\t\t\t<figure class=\"wpz-member-figure\">\n\t\t\t\t<img fetchpriority=\"high\" decoding=\"async\" width=\"950\" height=\"727\" src=\"https:\/\/www.lespetitesexperiences.com\/wp-content\/uploads\/2023\/04\/Leslie-travel-planner-4-1024x784.jpg\" class=\"elementor-animation-disable-animation attachment-large size-large wp-image-1295\" alt=\"\" srcset=\"https:\/\/www.lespetitesexperiences.com\/wp-content\/uploads\/2023\/04\/Leslie-travel-planner-4-1024x784.jpg 1024w, https:\/\/www.lespetitesexperiences.com\/wp-content\/uploads\/2023\/04\/Leslie-travel-planner-4-300x230.jpg 300w, https:\/\/www.lespetitesexperiences.com\/wp-content\/uploads\/2023\/04\/Leslie-travel-planner-4-768x588.jpg 768w, https:\/\/www.lespetitesexperiences.com\/wp-content\/uploads\/2023\/04\/Leslie-travel-planner-4-1536x1176.jpg 1536w, https:\/\/www.lespetitesexperiences.com\/wp-content\/uploads\/2023\/04\/Leslie-travel-planner-4-16x12.jpg 16w, https:\/\/www.lespetitesexperiences.com\/wp-content\/uploads\/2023\/04\/Leslie-travel-planner-4.jpg 1620w\" sizes=\"100vw\" \/>\t\t\t<\/figure>\n\t\t\n\t\t<div class=\"wpz-member-body\">\n\t\t\t<h2 class=\"wpz-member-name\">Leslie Leroy<\/h2>\n\t\t\t\t\t\t\t<div class=\"wpz-member-position\">TRAVEL PLANNER sp\u00e9cialiste du monde arabe<\/div>\n\t\t\t\n\t\t\t\t\t\t\t<div class=\"wpz-member-bio\">\n\t\t\t\t\t<p>Leslie, alias Les Petites Jambes, est notre super travel planner (apr\u00e8s avoir travaill\u00e9 plusieurs ann\u00e9es en agence de voyage). Elle cr\u00e9e pour chacun de ses clients un voyage sur-mesure, enti\u00e8rement personnalis\u00e9 selon ses envies, ses go\u00fbts et son budget. Elle n\u2019est pas une agence de voyage, donc elle ne r\u00e9serve pas pour son client. De ce fait elle ne prend aucune commission sur les prestations r\u00e9serv\u00e9es, en revanche vous b\u00e9n\u00e9ficiez de tarifs n\u00e9goci\u00e9s avec ses partenaires (le beurre, et l\u2019argent du beurre !). Elle cr\u00e9e donc un programme sur-mesure, et le client r\u00e9serve ensuite les prestations en direct. Sa valeur ajout\u00e9e r\u00e9side dans sa connaissance tr\u00e8s pointue du Maroc, o\u00f9 elle a habit\u00e9 et qu\u2019elle conna\u00eet sur le bout des doigts, et cette expertise est indispensable pour cr\u00e9er de vrais voyages sur-mesure et hors sentiers battus, et conseiller des activit\u00e9s, visites et adresses qu\u2019elle a ador\u00e9es et dont elle est s\u00fbre de la qualit\u00e9.\n\nPour en savoir plus et vous laisser guider dans l\u2019organisation de votre s\u00e9jour au Maroc, c\u2019est par ici que \u00e7a se passe :\n<\/p>\n\t\t\t\t<\/div>\n\t\t\t\n\t\t\t\n\t\t\t\t\t\t\t<div class=\"wpz-member-links\">\n\t\t\t\t\t<a target=\"_blank\" rel=\"noopener\" href=\"https:\/\/www.linkedin.com\/company\/les-petites-jambes\/\" class=\"elementor-repeater-item-ba747cc\"><i class=\"fa-linkedin fab\" aria-hidden=\"true\"><\/i><\/a><a target=\"_blank\" rel=\"noopener\" href=\"https:\/\/web.facebook.com\/lespetitesjambes\/?_rdc=1&#038;_rdr\" class=\"elementor-repeater-item-46b7917\"><i class=\"fa-facebook fab\" aria-hidden=\"true\"><\/i><\/a><a target=\"_blank\" rel=\"noopener\" href=\"https:\/\/www.instagram.com\/lespetitesjambes\/\" class=\"elementor-repeater-item-3f91eaa\"><i class=\"fa-instagram fab\" aria-hidden=\"true\"><\/i><\/a>\t\t\t\t<\/div>\n\t\t\t\n\t\t\t\t\t<\/div>\n\t\t\t\t\t\t<\/div>\n\t\t\t\t<\/div>\n\t\t\t\t<div class=\"elementor-element elementor-element-8b4db35 elementor-align-center elementor-widget elementor-widget-button\" data-id=\"8b4db35\" data-element_type=\"widget\" data-widget_type=\"button.default\">\n\t\t\t\t<div class=\"elementor-widget-container\">\n\t\t\t\t\t\t\t\t\t<div class=\"elementor-button-wrapper\">\n\t\t\t\t\t<a class=\"elementor-button elementor-button-link elementor-size-md\" href=\"https:\/\/www.lespetitesjambes.com\/travel-planner\" target=\"_blank\" rel=\"noopener\">\n\t\t\t\t\t\t<span class=\"elementor-button-content-wrapper\">\n\t\t\t\t\t\t\t\t\t<span class=\"elementor-button-text\">en savoir plus<\/span>\n\t\t\t\t\t<\/span>\n\t\t\t\t\t<\/a>\n\t\t\t\t<\/div>\n\t\t\t\t\t\t\t\t<\/div>\n\t\t\t\t<\/div>\n\t\t\t\t\t<\/div>\n\t\t<\/div>\n\t\t\t\t\t<\/div>\n\t\t<\/section>\n\t\t\t\t<section class=\"elementor-section elementor-top-section elementor-element elementor-element-6713ba7 elementor-section-boxed elementor-section-height-default elementor-section-height-default\" data-id=\"6713ba7\" data-element_type=\"section\">\n\t\t\t\t\t\t<div class=\"elementor-container elementor-column-gap-default\">\n\t\t\t\t\t<div class=\"elementor-column elementor-col-100 elementor-top-column elementor-element elementor-element-79970fd\" data-id=\"79970fd\" data-element_type=\"column\">\n\t\t\t<div class=\"elementor-widget-wrap elementor-element-populated\">\n\t\t\t\t\t\t<div class=\"elementor-element elementor-element-6665f8b elementor-widget elementor-widget-spacer\" data-id=\"6665f8b\" data-element_type=\"widget\" data-widget_type=\"spacer.default\">\n\t\t\t\t<div class=\"elementor-widget-container\">\n\t\t\t\t\t\t\t<div class=\"elementor-spacer\">\n\t\t\t<div class=\"elementor-spacer-inner\"><\/div>\n\t\t<\/div>\n\t\t\t\t\t\t<\/div>\n\t\t\t\t<\/div>\n\t\t\t\t\t<\/div>\n\t\t<\/div>\n\t\t\t\t\t<\/div>\n\t\t<\/section>\n\t\t\t\t<\/div>","protected":false},"excerpt":{"rendered":"<p>Les petites jambes, travel planner Vous pr\u00e9voyez un voyage au Maroc mais ne savez pas par o\u00f9 commencer pour l\u2019organiser\u00a0? Vous n\u2019avez pas le temps ni l\u2019envie de consacrer des soir\u00e9es enti\u00e8res \u00e0 la recherche des meilleures offres\u00a0sur Internet\u00a0? Vous avez peur de vous faire avoir en r\u00e9servant un riad qui sera bien moins sympa &hellip; <\/p>\n<p class=\"link-more\"><a href=\"https:\/\/www.lespetitesexperiences.com\/en\/decouvrez-nos-experiences\/les-petites-jambes\/\" class=\"more-link\">Read more<span class=\"screen-reader-text\"> \u00ab\u00a0Les Petites Jambes\u00a0\u00bb<\/span><\/a><\/p>","protected":false},"author":1,"featured_media":1294,"parent":7,"menu_order":0,"comment_status":"closed","ping_status":"closed","template":"","meta":{"om_disable_all_campaigns":false,"_monsterinsights_skip_tracking":false,"_monsterinsights_sitenote_active":false,"_monsterinsights_sitenote_note":"","_monsterinsights_sitenote_category":0,"_uf_show_specific_survey":0,"_uf_disable_surveys":false,"footnotes":""},"class_list":["post-1292","page","type-page","status-publish","has-post-thumbnail","hentry"],"_links":{"self":[{"href":"https:\/\/www.lespetitesexperiences.com\/en\/wp-json\/wp\/v2\/pages\/1292","targetHints":{"allow":["GET"]}}],"collection":[{"href":"https:\/\/www.lespetitesexperiences.com\/en\/wp-json\/wp\/v2\/pages"}],"about":[{"href":"https:\/\/www.lespetitesexperiences.com\/en\/wp-json\/wp\/v2\/types\/page"}],"author":[{"embeddable":true,"href":"https:\/\/www.lespetitesexperiences.com\/en\/wp-json\/wp\/v2\/users\/1"}],"replies":[{"embeddable":true,"href":"https:\/\/www.lespetitesexperiences.com\/en\/wp-json\/wp\/v2\/comments?post=1292"}],"version-history":[{"count":5,"href":"https:\/\/www.lespetitesexperiences.com\/en\/wp-json\/wp\/v2\/pages\/1292\/revisions"}],"predecessor-version":[{"id":7127,"href":"https:\/\/www.lespetitesexperiences.com\/en\/wp-json\/wp\/v2\/pages\/1292\/revisions\/7127"}],"up":[{"embeddable":true,"href":"https:\/\/www.lespetitesexperiences.com\/en\/wp-json\/wp\/v2\/pages\/7"}],"wp:featuredmedia":[{"embeddable":true,"href":"https:\/\/www.lespetitesexperiences.com\/en\/wp-json\/wp\/v2\/media\/1294"}],"wp:attachment":[{"href":"https:\/\/www.lespetitesexperiences.com\/en\/wp-json\/wp\/v2\/media?parent=1292"}],"curies":[{"name":"wp","href":"https:\/\/api.w.org\/{rel}","templated":true}]}}