{"id":313,"date":"2026-02-27T17:40:19","date_gmt":"2026-02-27T17:40:19","guid":{"rendered":"https:\/\/www.lespetitesexperiences.com\/?page_id=313"},"modified":"2026-02-27T17:40:21","modified_gmt":"2026-02-27T17:40:21","slug":"marrakech-historique","status":"publish","type":"page","link":"https:\/\/www.lespetitesexperiences.com\/en\/decouvrez-nos-experiences\/petites-experiences-marrakech\/marrakech-historique\/","title":{"rendered":"Marrakesh Historic"},"content":{"rendered":"<div data-elementor-type=\"wp-page\" data-elementor-id=\"313\" class=\"elementor elementor-313\">\n\t\t\t\t\t\t<section class=\"elementor-section elementor-top-section elementor-element elementor-element-2e23399f elementor-section-boxed elementor-section-height-default elementor-section-height-default\" data-id=\"2e23399f\" data-element_type=\"section\">\n\t\t\t\t\t\t<div class=\"elementor-container elementor-column-gap-default\">\n\t\t\t\t\t<div class=\"elementor-column elementor-col-100 elementor-top-column elementor-element elementor-element-4ec1fdd1\" data-id=\"4ec1fdd1\" data-element_type=\"column\">\n\t\t\t<div class=\"elementor-widget-wrap elementor-element-populated\">\n\t\t\t\t\t\t<div class=\"elementor-element elementor-element-fc14357 elementor-widget elementor-widget-text-editor\" data-id=\"fc14357\" data-element_type=\"widget\" data-widget_type=\"text-editor.default\">\n\t\t\t\t<div class=\"elementor-widget-container\">\n\t\t\t\t\t\t\t\t\t<p><strong>&#032;<\/strong><p>Finding a truly <strong>authentic guided tour in Marrakech<\/strong> can be a challenge. To save you from the typical 'commission-based' tours and unofficial guides, we have hand-picked a small, elite team of <strong>four passionate experts<\/strong>. These guides are dedicated to sharing the real soul of their city.<\/p>\n\n<p>You are guaranteed an enriching experience as they lead you through the <strong>historic medina<\/strong>, from its <strong>grand palaces<\/strong> and <strong>secret alleyways<\/strong> to the vibrant <strong>labyrinthine souks<\/strong> and the workshops of <strong>hidden artisans<\/strong>.<\/p> <strong>&#032;<\/strong>&#032;<\/p>\t\t\t\t\t\t\t\t<\/div>\n\t\t\t\t<\/div>\n\t\t\t\t<div class=\"elementor-element elementor-element-45ab4ea0 elementor-widget elementor-widget-spacer\" data-id=\"45ab4ea0\" data-element_type=\"widget\" data-widget_type=\"spacer.default\">\n\t\t\t\t<div class=\"elementor-widget-container\">\n\t\t\t\t\t\t\t<div class=\"elementor-spacer\">\n\t\t\t<div class=\"elementor-spacer-inner\"><\/div>\n\t\t<\/div>\n\t\t\t\t\t\t<\/div>\n\t\t\t\t<\/div>\n\t\t\t\t\t<\/div>\n\t\t<\/div>\n\t\t\t\t\t<\/div>\n\t\t<\/section>\n\t\t\t\t<section class=\"elementor-section elementor-top-section elementor-element elementor-element-6bc8ff75 elementor-section-stretched elementor-section-boxed elementor-section-height-default elementor-section-height-default\" data-id=\"6bc8ff75\" data-element_type=\"section\" data-settings=\"{&quot;stretch_section&quot;:&quot;section-stretched&quot;}\">\n\t\t\t\t\t\t<div class=\"elementor-container elementor-column-gap-default\">\n\t\t\t\t\t<div class=\"elementor-column elementor-col-33 elementor-top-column elementor-element elementor-element-3b1f94a2\" data-id=\"3b1f94a2\" data-element_type=\"column\">\n\t\t\t<div class=\"elementor-widget-wrap\">\n\t\t\t\t\t<div class=\"elementor-background-overlay\"><\/div>\n\t\t\t\t\t\t\t<\/div>\n\t\t<\/div>\n\t\t\t\t<div class=\"elementor-column elementor-col-33 elementor-top-column elementor-element elementor-element-4488a9d1\" data-id=\"4488a9d1\" data-element_type=\"column\" data-settings=\"{&quot;background_background&quot;:&quot;classic&quot;}\">\n\t\t\t<div class=\"elementor-widget-wrap elementor-element-populated\">\n\t\t\t\t\t<div class=\"elementor-background-overlay\"><\/div>\n\t\t\t\t\t\t<div class=\"elementor-element elementor-element-39e0fd1a elementor-widget elementor-widget-heading\" data-id=\"39e0fd1a\" data-element_type=\"widget\" data-widget_type=\"heading.default\">\n\t\t\t\t<div class=\"elementor-widget-container\">\n\t\t\t\t\t<h2 class=\"elementor-heading-title elementor-size-default\">The Must-Sees Tour<\/h2>\t\t\t\t<\/div>\n\t\t\t\t<\/div>\n\t\t\t\t<div class=\"elementor-element elementor-element-36e75e30 elementor-widget elementor-widget-text-editor\" data-id=\"36e75e30\" data-element_type=\"widget\" data-widget_type=\"text-editor.default\">\n\t\t\t\t<div class=\"elementor-widget-container\">\n\t\t\t\t\t\t\t\t\t<div><div class=\"page\" title=\"Page 10\"><div class=\"section\"><div class=\"layoutArea\"><div class=\"column\"><p>Do you want to discover The Must-See Tour of Marrakech with a guide passionate about the history of his city and its inhabitants, who will show you around the ochre city without taking you from shop to shop? Well, that's precisely the aim of this experience!<\/p><div class=\"page\" title=\"Page 10\"><div class=\"section\"><div class=\"layoutArea\"><div class=\"column\"><p>The program is available as a half-day or full-day tour and can be adapted to your specific preferences and interests.<\/p><\/div><\/div><\/div><\/div><\/div><\/div><\/div><\/div><\/div><div><p class=\"Pardfaut\"><span class=\"Aucun\">Duration: 3 or 7 hours.<\/span><\/p><\/div>\t\t\t\t\t\t\t\t<\/div>\n\t\t\t\t<\/div>\n\t\t\t\t<div class=\"elementor-element elementor-element-a30e479 elementor-align-center elementor-widget elementor-widget-button\" data-id=\"a30e479\" data-element_type=\"widget\" data-widget_type=\"button.default\">\n\t\t\t\t<div class=\"elementor-widget-container\">\n\t\t\t\t\t\t\t\t\t<div class=\"elementor-button-wrapper\">\n\t\t\t\t\t<a class=\"elementor-button elementor-button-link elementor-size-md\" href=\"https:\/\/www.lespetitesexperiences.com\/en\/about\/marrakech-historique\/visite-guide-marrakech\/\">\n\t\t\t\t\t\t<span class=\"elementor-button-content-wrapper\">\n\t\t\t\t\t\t\t\t\t<span class=\"elementor-button-text\">DISCOVER<\/span>\n\t\t\t\t\t<\/span>\n\t\t\t\t\t<\/a>\n\t\t\t\t<\/div>\n\t\t\t\t\t\t\t\t<\/div>\n\t\t\t\t<\/div>\n\t\t\t\t\t<\/div>\n\t\t<\/div>\n\t\t\t\t<div class=\"elementor-column elementor-col-33 elementor-top-column elementor-element elementor-element-58cd191b\" data-id=\"58cd191b\" data-element_type=\"column\" data-settings=\"{&quot;background_background&quot;:&quot;classic&quot;}\">\n\t\t\t<div class=\"elementor-widget-wrap\">\n\t\t\t\t\t<div class=\"elementor-background-overlay\"><\/div>\n\t\t\t\t\t\t\t<\/div>\n\t\t<\/div>\n\t\t\t\t\t<\/div>\n\t\t<\/section>\n\t\t\t\t<section class=\"elementor-section elementor-top-section elementor-element elementor-element-53b57b3c elementor-section-stretched elementor-section-boxed elementor-section-height-default elementor-section-height-default\" data-id=\"53b57b3c\" data-element_type=\"section\" data-settings=\"{&quot;stretch_section&quot;:&quot;section-stretched&quot;}\">\n\t\t\t\t\t\t<div class=\"elementor-container elementor-column-gap-default\">\n\t\t\t\t\t<div class=\"elementor-column elementor-col-100 elementor-top-column elementor-element elementor-element-35cf2133\" data-id=\"35cf2133\" data-element_type=\"column\">\n\t\t\t<div class=\"elementor-widget-wrap elementor-element-populated\">\n\t\t\t\t\t\t<div class=\"elementor-element elementor-element-9d1b56a elementor-widget elementor-widget-heading\" data-id=\"9d1b56a\" data-element_type=\"widget\" data-widget_type=\"heading.default\">\n\t\t\t\t<div class=\"elementor-widget-container\">\n\t\t\t\t\t<h3 class=\"elementor-heading-title elementor-size-default\">YOU MAY ALSO LIKE<\/h3>\t\t\t\t<\/div>\n\t\t\t\t<\/div>\n\t\t\t\t\t<\/div>\n\t\t<\/div>\n\t\t\t\t\t<\/div>\n\t\t<\/section>\n\t\t\t\t<section class=\"elementor-section elementor-top-section elementor-element elementor-element-4b627443 elementor-section-stretched elementor-section-boxed elementor-section-height-default elementor-section-height-default\" data-id=\"4b627443\" data-element_type=\"section\" data-settings=\"{&quot;stretch_section&quot;:&quot;section-stretched&quot;}\">\n\t\t\t\t\t\t<div class=\"elementor-container elementor-column-gap-narrow\">\n\t\t\t\t\t<div class=\"elementor-column elementor-col-20 elementor-top-column elementor-element elementor-element-18f17bf\" data-id=\"18f17bf\" data-element_type=\"column\">\n\t\t\t<div class=\"elementor-widget-wrap elementor-element-populated\">\n\t\t\t\t\t\t<div class=\"elementor-element elementor-element-2bea31ba elementor-widget elementor-widget-wpzoom-elementor-addons-image-box\" data-id=\"2bea31ba\" data-element_type=\"widget\" data-widget_type=\"wpzoom-elementor-addons-image-box.default\">\n\t\t\t\t<div class=\"elementor-widget-container\">\n\t\t\t\t\t\t\t<div class=\"wpzoom-elementor-addons-image-box\">\n\t\t\t<h3>\n\t\t\t\t<a href=\"https:\/\/www.lespetitesexperiences.com\/en\/about\/marrakech-comme-un-local\/\" class=\"wpzoom-elementor-addons-image-box-link is-linked has-image\" style=\"background-image:url('https:\/\/www.lespetitesexperiences.com\/wp-content\/uploads\/2023\/04\/3be53d5b8ea6efd617a1c2127a3923e7.jpg');\"><span>Marrakesh Like A Local<\/span><\/a>\t\t\t<\/h3>\n\t\t<\/div><!-- \/\/.wpzoom-elementor-addons-image-box -->\n\t\t\t\t\t\t<\/div>\n\t\t\t\t<\/div>\n\t\t\t\t\t<\/div>\n\t\t<\/div>\n\t\t\t\t<div class=\"elementor-column elementor-col-20 elementor-top-column elementor-element elementor-element-388fa6b0\" data-id=\"388fa6b0\" data-element_type=\"column\">\n\t\t\t<div class=\"elementor-widget-wrap elementor-element-populated\">\n\t\t\t\t\t\t<div class=\"elementor-element elementor-element-478b6b17 elementor-widget elementor-widget-wpzoom-elementor-addons-image-box\" data-id=\"478b6b17\" data-element_type=\"widget\" data-widget_type=\"wpzoom-elementor-addons-image-box.default\">\n\t\t\t\t<div class=\"elementor-widget-container\">\n\t\t\t\t\t\t\t<div class=\"wpzoom-elementor-addons-image-box\">\n\t\t\t<h3>\n\t\t\t\t<a href=\"https:\/\/www.lespetitesexperiences.com\/en\/about\/marrakech-gourmand\/\" class=\"wpzoom-elementor-addons-image-box-link is-linked has-image\" style=\"background-image:url('https:\/\/www.lespetitesexperiences.com\/wp-content\/uploads\/2023\/04\/IMG_1307-min-scaled.jpg');\"><span>Gourmet Marrakesh<\/span><\/a>\t\t\t<\/h3>\n\t\t<\/div><!-- \/\/.wpzoom-elementor-addons-image-box -->\n\t\t\t\t\t\t<\/div>\n\t\t\t\t<\/div>\n\t\t\t\t\t<\/div>\n\t\t<\/div>\n\t\t\t\t<div class=\"elementor-column elementor-col-20 elementor-top-column elementor-element elementor-element-52c50644\" data-id=\"52c50644\" data-element_type=\"column\">\n\t\t\t<div class=\"elementor-widget-wrap elementor-element-populated\">\n\t\t\t\t\t\t<div class=\"elementor-element elementor-element-6c6a033d elementor-widget elementor-widget-wpzoom-elementor-addons-image-box\" data-id=\"6c6a033d\" data-element_type=\"widget\" data-widget_type=\"wpzoom-elementor-addons-image-box.default\">\n\t\t\t\t<div class=\"elementor-widget-container\">\n\t\t\t\t\t\t\t<div class=\"wpzoom-elementor-addons-image-box\">\n\t\t\t<h3>\n\t\t\t\t<a href=\"https:\/\/www.lespetitesexperiences.com\/en\/marrakech-spirituel\/\" class=\"wpzoom-elementor-addons-image-box-link is-linked has-image\" style=\"background-image:url('https:\/\/www.lespetitesexperiences.com\/wp-content\/uploads\/2023\/04\/Tezza-8281.jpg');\"><span>Marrakesh Spiritual<\/span><\/a>\t\t\t<\/h3>\n\t\t<\/div><!-- \/\/.wpzoom-elementor-addons-image-box -->\n\t\t\t\t\t\t<\/div>\n\t\t\t\t<\/div>\n\t\t\t\t\t<\/div>\n\t\t<\/div>\n\t\t\t\t<div class=\"elementor-column elementor-col-20 elementor-top-column elementor-element elementor-element-6d1eb389\" data-id=\"6d1eb389\" data-element_type=\"column\">\n\t\t\t<div class=\"elementor-widget-wrap elementor-element-populated\">\n\t\t\t\t\t\t<div class=\"elementor-element elementor-element-3a1c098a elementor-widget elementor-widget-wpzoom-elementor-addons-image-box\" data-id=\"3a1c098a\" data-element_type=\"widget\" data-widget_type=\"wpzoom-elementor-addons-image-box.default\">\n\t\t\t\t<div class=\"elementor-widget-container\">\n\t\t\t\t\t\t\t<div class=\"wpzoom-elementor-addons-image-box\">\n\t\t\t<h3>\n\t\t\t\t<a href=\"https:\/\/www.lespetitesexperiences.com\/en\/decouvrez-nos-experiences\/petites-experiences-marrakech\/marrakech-artisanal\/\" class=\"wpzoom-elementor-addons-image-box-link is-linked has-image\" style=\"background-image:url('https:\/\/www.lespetitesexperiences.com\/wp-content\/uploads\/2025\/03\/20250224_185331-scaled.jpg');\"><span>Marrakesh Handmade<\/span><\/a>\t\t\t<\/h3>\n\t\t<\/div><!-- \/\/.wpzoom-elementor-addons-image-box -->\n\t\t\t\t\t\t<\/div>\n\t\t\t\t<\/div>\n\t\t\t\t\t<\/div>\n\t\t<\/div>\n\t\t\t\t<div class=\"elementor-column elementor-col-20 elementor-top-column elementor-element elementor-element-a739292\" data-id=\"a739292\" data-element_type=\"column\">\n\t\t\t<div class=\"elementor-widget-wrap elementor-element-populated\">\n\t\t\t\t\t\t<div class=\"elementor-element elementor-element-5410962 elementor-widget elementor-widget-wpzoom-elementor-addons-image-box\" data-id=\"5410962\" data-element_type=\"widget\" data-widget_type=\"wpzoom-elementor-addons-image-box.default\">\n\t\t\t\t<div class=\"elementor-widget-container\">\n\t\t\t\t\t\t\t<div class=\"wpzoom-elementor-addons-image-box\">\n\t\t\t<h3>\n\t\t\t\t<a href=\"https:\/\/www.lespetitesexperiences.com\/en\/decouvrez-nos-experiences\/petites-experiences-marrakech\/excursions-marrakech-atlas\/\" class=\"wpzoom-elementor-addons-image-box-link is-linked has-image\" style=\"background-image:url('https:\/\/www.lespetitesexperiences.com\/wp-content\/uploads\/2023\/04\/Tezza-6929-min.jpg');\"><span>Days in The Atlas<\/span><\/a>\t\t\t<\/h3>\n\t\t<\/div><!-- \/\/.wpzoom-elementor-addons-image-box -->\n\t\t\t\t\t\t<\/div>\n\t\t\t\t<\/div>\n\t\t\t\t\t<\/div>\n\t\t<\/div>\n\t\t\t\t\t<\/div>\n\t\t<\/section>\n\t\t\t\t<section class=\"elementor-section elementor-top-section elementor-element elementor-element-62813c3 elementor-section-boxed elementor-section-height-default elementor-section-height-default\" data-id=\"62813c3\" data-element_type=\"section\">\n\t\t\t\t\t\t<div class=\"elementor-container elementor-column-gap-default\">\n\t\t\t\t\t<div class=\"elementor-column elementor-col-100 elementor-top-column elementor-element elementor-element-36c7691\" data-id=\"36c7691\" data-element_type=\"column\">\n\t\t\t<div class=\"elementor-widget-wrap elementor-element-populated\">\n\t\t\t\t\t\t<div class=\"elementor-element elementor-element-e77e933 elementor-widget elementor-widget-spacer\" data-id=\"e77e933\" data-element_type=\"widget\" data-widget_type=\"spacer.default\">\n\t\t\t\t<div class=\"elementor-widget-container\">\n\t\t\t\t\t\t\t<div class=\"elementor-spacer\">\n\t\t\t<div class=\"elementor-spacer-inner\"><\/div>\n\t\t<\/div>\n\t\t\t\t\t\t<\/div>\n\t\t\t\t<\/div>\n\t\t\t\t\t<\/div>\n\t\t<\/div>\n\t\t\t\t\t<\/div>\n\t\t<\/section>\n\t\t\t\t<\/div>","protected":false},"excerpt":{"rendered":"<p>Trouver une bonne visite guid\u00e9e Marrakech n&rsquo;est pas chose ais\u00e9e. Entre les faux guides et ceux qui ne s&rsquo;int\u00e9ressent qu&rsquo;aux commissions qu&rsquo;ils vont r\u00e9cup\u00e9rer dans les boutiques, on a vite fait d&rsquo;\u00eatre pris pour un pigeon&#8230; Nous avons fait le choix de ne travailler qu&rsquo;avec 4 guides, tri\u00e9s sur le volet, passionn\u00e9s et passionnants, qui &hellip; <\/p>\n<p class=\"link-more\"><a href=\"https:\/\/www.lespetitesexperiences.com\/en\/decouvrez-nos-experiences\/petites-experiences-marrakech\/marrakech-historique\/\" class=\"more-link\">Read more<span class=\"screen-reader-text\"> \u00ab\u00a0Marrakech historique\u00a0\u00bb<\/span><\/a><\/p>","protected":false},"author":1,"featured_media":0,"parent":8,"menu_order":0,"comment_status":"closed","ping_status":"closed","template":"","meta":{"om_disable_all_campaigns":false,"_monsterinsights_skip_tracking":false,"_monsterinsights_sitenote_active":false,"_monsterinsights_sitenote_note":"","_monsterinsights_sitenote_category":0,"_uf_show_specific_survey":0,"_uf_disable_surveys":false,"footnotes":""},"class_list":["post-313","page","type-page","status-publish","hentry"],"_links":{"self":[{"href":"https:\/\/www.lespetitesexperiences.com\/en\/wp-json\/wp\/v2\/pages\/313","targetHints":{"allow":["GET"]}}],"collection":[{"href":"https:\/\/www.lespetitesexperiences.com\/en\/wp-json\/wp\/v2\/pages"}],"about":[{"href":"https:\/\/www.lespetitesexperiences.com\/en\/wp-json\/wp\/v2\/types\/page"}],"author":[{"embeddable":true,"href":"https:\/\/www.lespetitesexperiences.com\/en\/wp-json\/wp\/v2\/users\/1"}],"replies":[{"embeddable":true,"href":"https:\/\/www.lespetitesexperiences.com\/en\/wp-json\/wp\/v2\/comments?post=313"}],"version-history":[{"count":5,"href":"https:\/\/www.lespetitesexperiences.com\/en\/wp-json\/wp\/v2\/pages\/313\/revisions"}],"predecessor-version":[{"id":10788,"href":"https:\/\/www.lespetitesexperiences.com\/en\/wp-json\/wp\/v2\/pages\/313\/revisions\/10788"}],"up":[{"embeddable":true,"href":"https:\/\/www.lespetitesexperiences.com\/en\/wp-json\/wp\/v2\/pages\/8"}],"wp:attachment":[{"href":"https:\/\/www.lespetitesexperiences.com\/en\/wp-json\/wp\/v2\/media?parent=313"}],"curies":[{"name":"wp","href":"https:\/\/api.w.org\/{rel}","templated":true}]}}