{"id":5026,"date":"2026-01-17T20:40:43","date_gmt":"2026-01-17T20:40:43","guid":{"rendered":"https:\/\/www.lespetitesexperiences.com\/?page_id=5026"},"modified":"2026-02-27T17:24:04","modified_gmt":"2026-02-27T17:24:04","slug":"essaouira-artisanal","status":"publish","type":"page","link":"https:\/\/www.lespetitesexperiences.com\/en\/decouvrez-nos-experiences\/nos-petites-experiences-a-essaouira\/essaouira-artisanal\/","title":{"rendered":"Essaouira artisanal"},"content":{"rendered":"<div data-elementor-type=\"wp-page\" data-elementor-id=\"5026\" class=\"elementor elementor-5026\">\n\t\t\t\t\t\t<section class=\"elementor-section elementor-top-section elementor-element elementor-element-4a18693f elementor-section-boxed elementor-section-height-default elementor-section-height-default\" data-id=\"4a18693f\" data-element_type=\"section\">\n\t\t\t\t\t\t<div class=\"elementor-container elementor-column-gap-default\">\n\t\t\t\t\t<div class=\"elementor-column elementor-col-100 elementor-top-column elementor-element elementor-element-c71e2c1\" data-id=\"c71e2c1\" data-element_type=\"column\">\n\t\t\t<div class=\"elementor-widget-wrap elementor-element-populated\">\n\t\t\t\t\t\t<div class=\"elementor-element elementor-element-2c8918c elementor-widget elementor-widget-text-editor\" data-id=\"2c8918c\" data-element_type=\"widget\" data-widget_type=\"text-editor.default\">\n\t\t\t\t<div class=\"elementor-widget-container\">\n\t\t\t\t\t\t\t\t\t<p class=\"translation-block\">From argan oil production and thuya wood marquetry to silversmithing, weaving, and blacksmithing, it is the artisans who truly make Essaouira famous for its craftsmanship. However, these ancestral crafts are at risk of disappearing, threatened by industrial production. To help preserve these traditions and offer you a unique experience, we invite you to meet our artisans. They are always eager to pass on their knowledge and share their passion through immersive, hands-on workshops.<\/p>\t\t\t\t\t\t\t\t<\/div>\n\t\t\t\t<\/div>\n\t\t\t\t<div class=\"elementor-element elementor-element-486a4a98 elementor-widget elementor-widget-spacer\" data-id=\"486a4a98\" data-element_type=\"widget\" data-widget_type=\"spacer.default\">\n\t\t\t\t<div class=\"elementor-widget-container\">\n\t\t\t\t\t\t\t<div class=\"elementor-spacer\">\n\t\t\t<div class=\"elementor-spacer-inner\"><\/div>\n\t\t<\/div>\n\t\t\t\t\t\t<\/div>\n\t\t\t\t<\/div>\n\t\t\t\t\t<\/div>\n\t\t<\/div>\n\t\t\t\t\t<\/div>\n\t\t<\/section>\n\t\t\t\t<section class=\"elementor-section elementor-top-section elementor-element elementor-element-4117e0da elementor-section-stretched elementor-section-boxed elementor-section-height-default elementor-section-height-default\" data-id=\"4117e0da\" data-element_type=\"section\" data-settings=\"{&quot;stretch_section&quot;:&quot;section-stretched&quot;}\">\n\t\t\t\t\t\t\t<div class=\"elementor-background-overlay\"><\/div>\n\t\t\t\t\t\t\t<div class=\"elementor-container elementor-column-gap-default\">\n\t\t\t\t\t<div class=\"elementor-column elementor-col-33 elementor-top-column elementor-element elementor-element-30ea53b\" data-id=\"30ea53b\" data-element_type=\"column\">\n\t\t\t<div class=\"elementor-widget-wrap\">\n\t\t\t\t\t<div class=\"elementor-background-overlay\"><\/div>\n\t\t\t\t\t\t\t<\/div>\n\t\t<\/div>\n\t\t\t\t<div class=\"elementor-column elementor-col-33 elementor-top-column elementor-element elementor-element-46525dbb\" data-id=\"46525dbb\" data-element_type=\"column\" data-settings=\"{&quot;background_background&quot;:&quot;classic&quot;}\">\n\t\t\t<div class=\"elementor-widget-wrap elementor-element-populated\">\n\t\t\t\t\t<div class=\"elementor-background-overlay\"><\/div>\n\t\t\t\t\t\t<div class=\"elementor-element elementor-element-3bf6abef elementor-widget elementor-widget-heading\" data-id=\"3bf6abef\" data-element_type=\"widget\" data-widget_type=\"heading.default\">\n\t\t\t\t<div class=\"elementor-widget-container\">\n\t\t\t\t\t<h2 class=\"elementor-heading-title elementor-size-default\">Argan Oil Workshop<\/h2>\t\t\t\t<\/div>\n\t\t\t\t<\/div>\n\t\t\t\t<div class=\"elementor-element elementor-element-3970c60f elementor-widget elementor-widget-text-editor\" data-id=\"3970c60f\" data-element_type=\"widget\" data-widget_type=\"text-editor.default\">\n\t\t\t\t<div class=\"elementor-widget-container\">\n\t\t\t\t\t\t\t\t\t<p class=\"Pardfaut\"><span style=\"font-weight: 400;\">Hafida will introduce you to the ancestral art of argan oil production, a precious heritage passed down from mother to daughter. Take part in every step of the process under the expert guidance of your hosts. This journey into tradition goes beyond just learning: at the end of the workshop, you will have the chance to taste the very oil you helped produce!<\/span><\/p>\n<p class=\"Pardfaut\"><span style=\"font-weight: 400;\">Duration: 2&nbsp;<\/span>Hours<\/p>\t\t\t\t\t\t\t\t<\/div>\n\t\t\t\t<\/div>\n\t\t\t\t<div class=\"elementor-element elementor-element-6a125f6b elementor-align-center elementor-widget elementor-widget-button\" data-id=\"6a125f6b\" data-element_type=\"widget\" data-widget_type=\"button.default\">\n\t\t\t\t<div class=\"elementor-widget-container\">\n\t\t\t\t\t\t\t\t\t<div class=\"elementor-button-wrapper\">\n\t\t\t\t\t<a class=\"elementor-button elementor-button-link elementor-size-md\" href=\"https:\/\/www.lespetitesexperiences.com\/en\/decouvrez-nos-experiences\/nos-petites-experiences-a-essaouira\/essaouira-artisanal\/atelier-de-fabrication-de-lhuile-dargan-a-essaouira\/\">\n\t\t\t\t\t\t<span class=\"elementor-button-content-wrapper\">\n\t\t\t\t\t\t\t\t\t<span class=\"elementor-button-text\">DISCOVER<\/span>\n\t\t\t\t\t<\/span>\n\t\t\t\t\t<\/a>\n\t\t\t\t<\/div>\n\t\t\t\t\t\t\t\t<\/div>\n\t\t\t\t<\/div>\n\t\t\t\t\t<\/div>\n\t\t<\/div>\n\t\t\t\t<div class=\"elementor-column elementor-col-33 elementor-top-column elementor-element elementor-element-6f5e79b5\" data-id=\"6f5e79b5\" data-element_type=\"column\" data-settings=\"{&quot;background_background&quot;:&quot;classic&quot;}\">\n\t\t\t<div class=\"elementor-widget-wrap\">\n\t\t\t\t\t<div class=\"elementor-background-overlay\"><\/div>\n\t\t\t\t\t\t\t<\/div>\n\t\t<\/div>\n\t\t\t\t\t<\/div>\n\t\t<\/section>\n\t\t\t\t<section class=\"elementor-section elementor-top-section elementor-element elementor-element-406039bf elementor-section-stretched elementor-section-boxed elementor-section-height-default elementor-section-height-default\" data-id=\"406039bf\" data-element_type=\"section\" data-settings=\"{&quot;stretch_section&quot;:&quot;section-stretched&quot;}\">\n\t\t\t\t\t\t<div class=\"elementor-container elementor-column-gap-default\">\n\t\t\t\t\t<div class=\"elementor-column elementor-col-100 elementor-top-column elementor-element elementor-element-2d6f6f02\" data-id=\"2d6f6f02\" data-element_type=\"column\">\n\t\t\t<div class=\"elementor-widget-wrap elementor-element-populated\">\n\t\t\t\t\t\t<div class=\"elementor-element elementor-element-69298b7b elementor-widget elementor-widget-heading\" data-id=\"69298b7b\" data-element_type=\"widget\" data-widget_type=\"heading.default\">\n\t\t\t\t<div class=\"elementor-widget-container\">\n\t\t\t\t\t<h3 class=\"elementor-heading-title elementor-size-default\">YOU MAY ALSO LIKE<\/h3>\t\t\t\t<\/div>\n\t\t\t\t<\/div>\n\t\t\t\t\t<\/div>\n\t\t<\/div>\n\t\t\t\t\t<\/div>\n\t\t<\/section>\n\t\t\t\t<section class=\"elementor-section elementor-top-section elementor-element elementor-element-68061051 elementor-section-stretched elementor-section-boxed elementor-section-height-default elementor-section-height-default\" data-id=\"68061051\" data-element_type=\"section\" data-settings=\"{&quot;stretch_section&quot;:&quot;section-stretched&quot;}\">\n\t\t\t\t\t\t<div class=\"elementor-container elementor-column-gap-narrow\">\n\t\t\t\t\t<div class=\"elementor-column elementor-col-25 elementor-top-column elementor-element elementor-element-490315cf\" data-id=\"490315cf\" data-element_type=\"column\">\n\t\t\t<div class=\"elementor-widget-wrap elementor-element-populated\">\n\t\t\t\t\t\t<div class=\"elementor-element elementor-element-5780e03 elementor-widget elementor-widget-wpzoom-elementor-addons-image-box\" data-id=\"5780e03\" data-element_type=\"widget\" data-widget_type=\"wpzoom-elementor-addons-image-box.default\">\n\t\t\t\t<div class=\"elementor-widget-container\">\n\t\t\t\t\t\t\t<div class=\"wpzoom-elementor-addons-image-box\">\n\t\t\t<h3>\n\t\t\t\t<a href=\"https:\/\/www.lespetitesexperiences.com\/en\/decouvrez-nos-experiences\/nos-petites-experiences-a-essaouira\/essaouira-gourmand\/\" class=\"wpzoom-elementor-addons-image-box-link is-linked has-image\" style=\"background-image:url('https:\/\/www.lespetitesexperiences.com\/wp-content\/uploads\/2024\/10\/Tezza-2206-2-1-1-e1728397667807.jpg');\"><span>Essaouira Gourmet<\/span><\/a>\t\t\t<\/h3>\n\t\t<\/div><!-- \/\/.wpzoom-elementor-addons-image-box -->\n\t\t\t\t\t\t<\/div>\n\t\t\t\t<\/div>\n\t\t\t\t\t<\/div>\n\t\t<\/div>\n\t\t\t\t<div class=\"elementor-column elementor-col-25 elementor-top-column elementor-element elementor-element-1be05a07\" data-id=\"1be05a07\" data-element_type=\"column\">\n\t\t\t<div class=\"elementor-widget-wrap elementor-element-populated\">\n\t\t\t\t\t\t<div class=\"elementor-element elementor-element-69f5f060 elementor-widget elementor-widget-wpzoom-elementor-addons-image-box\" data-id=\"69f5f060\" data-element_type=\"widget\" data-widget_type=\"wpzoom-elementor-addons-image-box.default\">\n\t\t\t\t<div class=\"elementor-widget-container\">\n\t\t\t\t\t\t\t<div class=\"wpzoom-elementor-addons-image-box\">\n\t\t\t<h3>\n\t\t\t\t<a href=\"https:\/\/www.lespetitesexperiences.com\/en\/decouvrez-nos-experiences\/nos-petites-experiences-a-essaouira\/essaouira-historique\/\" class=\"wpzoom-elementor-addons-image-box-link is-linked has-image\" style=\"background-image:url('https:\/\/www.lespetitesexperiences.com\/wp-content\/uploads\/2024\/10\/Tezza-0105-1-1.jpg');\"><span>Historic Essaouira<\/span><\/a>\t\t\t<\/h3>\n\t\t<\/div><!-- \/\/.wpzoom-elementor-addons-image-box -->\n\t\t\t\t\t\t<\/div>\n\t\t\t\t<\/div>\n\t\t\t\t\t<\/div>\n\t\t<\/div>\n\t\t\t\t<div class=\"elementor-column elementor-col-25 elementor-top-column elementor-element elementor-element-1a0192f3\" data-id=\"1a0192f3\" data-element_type=\"column\">\n\t\t\t<div class=\"elementor-widget-wrap elementor-element-populated\">\n\t\t\t\t\t\t<div class=\"elementor-element elementor-element-408372b3 elementor-widget elementor-widget-wpzoom-elementor-addons-image-box\" data-id=\"408372b3\" data-element_type=\"widget\" data-widget_type=\"wpzoom-elementor-addons-image-box.default\">\n\t\t\t\t<div class=\"elementor-widget-container\">\n\t\t\t\t\t\t\t<div class=\"wpzoom-elementor-addons-image-box\">\n\t\t\t<h3>\n\t\t\t\t<a href=\"https:\/\/www.lespetitesexperiences.com\/en\/decouvrez-nos-experiences\/nos-petites-experiences-a-essaouira\/essaouira-nature\/\" class=\"wpzoom-elementor-addons-image-box-link is-linked has-image\" style=\"background-image:url('https:\/\/www.lespetitesexperiences.com\/wp-content\/uploads\/2024\/09\/Tezza-5966-scaled.jpg');\"><span>Essaouira Nature<\/span><\/a>\t\t\t<\/h3>\n\t\t<\/div><!-- \/\/.wpzoom-elementor-addons-image-box -->\n\t\t\t\t\t\t<\/div>\n\t\t\t\t<\/div>\n\t\t\t\t\t<\/div>\n\t\t<\/div>\n\t\t\t\t<div class=\"elementor-column elementor-col-25 elementor-top-column elementor-element elementor-element-13eaa211\" data-id=\"13eaa211\" data-element_type=\"column\">\n\t\t\t<div class=\"elementor-widget-wrap\">\n\t\t\t\t\t\t\t<\/div>\n\t\t<\/div>\n\t\t\t\t\t<\/div>\n\t\t<\/section>\n\t\t\t\t<section class=\"elementor-section elementor-top-section elementor-element elementor-element-5ff3580 elementor-section-boxed elementor-section-height-default elementor-section-height-default\" data-id=\"5ff3580\" data-element_type=\"section\">\n\t\t\t\t\t\t<div class=\"elementor-container elementor-column-gap-default\">\n\t\t\t\t\t<div class=\"elementor-column elementor-col-100 elementor-top-column elementor-element elementor-element-b2f40db\" data-id=\"b2f40db\" data-element_type=\"column\">\n\t\t\t<div class=\"elementor-widget-wrap elementor-element-populated\">\n\t\t\t\t\t\t<div class=\"elementor-element elementor-element-164de41 elementor-widget elementor-widget-spacer\" data-id=\"164de41\" data-element_type=\"widget\" data-widget_type=\"spacer.default\">\n\t\t\t\t<div class=\"elementor-widget-container\">\n\t\t\t\t\t\t\t<div class=\"elementor-spacer\">\n\t\t\t<div class=\"elementor-spacer-inner\"><\/div>\n\t\t<\/div>\n\t\t\t\t\t\t<\/div>\n\t\t\t\t<\/div>\n\t\t\t\t\t<\/div>\n\t\t<\/div>\n\t\t\t\t\t<\/div>\n\t\t<\/section>\n\t\t\t\t<\/div>","protected":false},"excerpt":{"rendered":"<p>Fabrication de l\u2019huile d\u2019argan, marqueterie avec le bois de thuya, orf\u00e8vrerie, tissage, ferronnerie\u2026 les artisans font la r\u00e9putation d\u2019Essaouira dans ce domaine\u00a0! Pourtant, ces m\u00e9tiers ancestraux ont tendance \u00e0 dispara\u00eetre, au profit de modes de production industriels. Pour contrer ce ph\u00e9nom\u00e8ne, et vous faire vivre des rencontres passionnantes, nous vous proposons de rencontrer nos artisans, &hellip; <\/p>\n<p class=\"link-more\"><a href=\"https:\/\/www.lespetitesexperiences.com\/en\/decouvrez-nos-experiences\/nos-petites-experiences-a-essaouira\/essaouira-artisanal\/\" class=\"more-link\">Read more<span class=\"screen-reader-text\"> \u00ab\u00a0Essaouira artisanal\u00a0\u00bb<\/span><\/a><\/p>","protected":false},"author":1,"featured_media":0,"parent":4379,"menu_order":0,"comment_status":"closed","ping_status":"closed","template":"","meta":{"om_disable_all_campaigns":false,"_monsterinsights_skip_tracking":false,"_monsterinsights_sitenote_active":false,"_monsterinsights_sitenote_note":"","_monsterinsights_sitenote_category":0,"_uf_show_specific_survey":0,"_uf_disable_surveys":false,"footnotes":""},"class_list":["post-5026","page","type-page","status-publish","hentry"],"_links":{"self":[{"href":"https:\/\/www.lespetitesexperiences.com\/en\/wp-json\/wp\/v2\/pages\/5026","targetHints":{"allow":["GET"]}}],"collection":[{"href":"https:\/\/www.lespetitesexperiences.com\/en\/wp-json\/wp\/v2\/pages"}],"about":[{"href":"https:\/\/www.lespetitesexperiences.com\/en\/wp-json\/wp\/v2\/types\/page"}],"author":[{"embeddable":true,"href":"https:\/\/www.lespetitesexperiences.com\/en\/wp-json\/wp\/v2\/users\/1"}],"replies":[{"embeddable":true,"href":"https:\/\/www.lespetitesexperiences.com\/en\/wp-json\/wp\/v2\/comments?post=5026"}],"version-history":[{"count":5,"href":"https:\/\/www.lespetitesexperiences.com\/en\/wp-json\/wp\/v2\/pages\/5026\/revisions"}],"predecessor-version":[{"id":8658,"href":"https:\/\/www.lespetitesexperiences.com\/en\/wp-json\/wp\/v2\/pages\/5026\/revisions\/8658"}],"up":[{"embeddable":true,"href":"https:\/\/www.lespetitesexperiences.com\/en\/wp-json\/wp\/v2\/pages\/4379"}],"wp:attachment":[{"href":"https:\/\/www.lespetitesexperiences.com\/en\/wp-json\/wp\/v2\/media?parent=5026"}],"curies":[{"name":"wp","href":"https:\/\/api.w.org\/{rel}","templated":true}]}}