{"id":8,"date":"2026-02-27T17:39:52","date_gmt":"2026-02-27T17:39:52","guid":{"rendered":"https:\/\/www.lespetitesexperiences.com\/?page_id=8"},"modified":"2026-02-27T17:39:53","modified_gmt":"2026-02-27T17:39:53","slug":"petites-experiences-marrakech","status":"publish","type":"page","link":"https:\/\/www.lespetitesexperiences.com\/en\/decouvrez-nos-experiences\/petites-experiences-marrakech\/","title":{"rendered":"Our Petites Experiences in Marrakesh"},"content":{"rendered":"<div data-elementor-type=\"wp-page\" data-elementor-id=\"8\" class=\"elementor elementor-8\">\n\t\t\t\t\t\t<section class=\"elementor-section elementor-top-section elementor-element elementor-element-6f371ed elementor-section-boxed elementor-section-height-default elementor-section-height-default\" data-id=\"6f371ed\" data-element_type=\"section\">\n\t\t\t\t\t\t<div class=\"elementor-container elementor-column-gap-default\">\n\t\t\t\t\t<div class=\"elementor-column elementor-col-100 elementor-top-column elementor-element elementor-element-50cb0c1\" data-id=\"50cb0c1\" data-element_type=\"column\">\n\t\t\t<div class=\"elementor-widget-wrap elementor-element-populated\">\n\t\t\t\t\t\t<div class=\"elementor-element elementor-element-77e64ef elementor-widget elementor-widget-text-editor\" data-id=\"77e64ef\" data-element_type=\"widget\" data-widget_type=\"text-editor.default\">\n\t\t\t\t<div class=\"elementor-widget-container\">\n\t\t\t\t\t\t\t\t\t<p>Marrakech is a very touristy city, and many travellers completely miss out on all that the city has to offer in terms of <strong>authenticity, wonderful encounters and a vibrant culture<\/strong>... If you like to travel off the beaten track and want to <strong>discover Marrakech excursions in a different way.&#032;<\/strong>You've come to the right place! Take a look below at the activities, visits and excursions we offer, and book one <strong>or more experiences now, that will undoubtedly leave their mark on your trip<\/strong> !<\/p>\t\t\t\t\t\t\t\t<\/div>\n\t\t\t\t<\/div>\n\t\t\t\t<div class=\"elementor-element elementor-element-6aa2d70 elementor-widget elementor-widget-spacer\" data-id=\"6aa2d70\" data-element_type=\"widget\" data-widget_type=\"spacer.default\">\n\t\t\t\t<div class=\"elementor-widget-container\">\n\t\t\t\t\t\t\t<div class=\"elementor-spacer\">\n\t\t\t<div class=\"elementor-spacer-inner\"><\/div>\n\t\t<\/div>\n\t\t\t\t\t\t<\/div>\n\t\t\t\t<\/div>\n\t\t\t\t\t<\/div>\n\t\t<\/div>\n\t\t\t\t\t<\/div>\n\t\t<\/section>\n\t\t\t\t<section class=\"elementor-section elementor-top-section elementor-element elementor-element-6c9394f elementor-section-full_width elementor-section-height-default elementor-section-height-default\" data-id=\"6c9394f\" data-element_type=\"section\">\n\t\t\t\t\t\t<div class=\"elementor-container elementor-column-gap-default\">\n\t\t\t\t\t<div class=\"elementor-column elementor-col-33 elementor-top-column elementor-element elementor-element-17929ce\" data-id=\"17929ce\" data-element_type=\"column\">\n\t\t\t<div class=\"elementor-widget-wrap elementor-element-populated\">\n\t\t\t\t\t\t<div class=\"elementor-element elementor-element-a3e8ec0 elementor-widget__width-inherit elementor-widget elementor-widget-wpzoom-elementor-addons-image-box\" data-id=\"a3e8ec0\" data-element_type=\"widget\" data-widget_type=\"wpzoom-elementor-addons-image-box.default\">\n\t\t\t\t<div class=\"elementor-widget-container\">\n\t\t\t\t\t\t\t<div class=\"wpzoom-elementor-addons-image-box\">\n\t\t\t<h3>\n\t\t\t\t<a href=\"https:\/\/www.lespetitesexperiences.com\/en\/about\/marrakech-gourmand\/\" class=\"wpzoom-elementor-addons-image-box-link is-linked has-image\" style=\"background-image:url('https:\/\/www.lespetitesexperiences.com\/wp-content\/uploads\/2023\/04\/IMG_1307-min-scaled.jpg');\"><span>Gourmet Marrakesh<\/span><\/a>\t\t\t<\/h3>\n\t\t<\/div><!-- \/\/.wpzoom-elementor-addons-image-box -->\n\t\t\t\t\t\t<\/div>\n\t\t\t\t<\/div>\n\t\t\t\t\t<\/div>\n\t\t<\/div>\n\t\t\t\t<div class=\"elementor-column elementor-col-33 elementor-top-column elementor-element elementor-element-ce839f0\" data-id=\"ce839f0\" data-element_type=\"column\">\n\t\t\t<div class=\"elementor-widget-wrap elementor-element-populated\">\n\t\t\t\t\t\t<div class=\"elementor-element elementor-element-fc5b83a elementor-widget elementor-widget-wpzoom-elementor-addons-image-box\" data-id=\"fc5b83a\" data-element_type=\"widget\" data-widget_type=\"wpzoom-elementor-addons-image-box.default\">\n\t\t\t\t<div class=\"elementor-widget-container\">\n\t\t\t\t\t\t\t<div class=\"wpzoom-elementor-addons-image-box\">\n\t\t\t<h3>\n\t\t\t\t<a href=\"https:\/\/www.lespetitesexperiences.com\/en\/about\/marrakech-comme-un-local\/\" class=\"wpzoom-elementor-addons-image-box-link is-linked has-image\" style=\"background-image:url('https:\/\/www.lespetitesexperiences.com\/wp-content\/uploads\/2023\/04\/3be53d5b8ea6efd617a1c2127a3923e7.jpg');\"><span>Marrakesh Like A Local<\/span><\/a>\t\t\t<\/h3>\n\t\t<\/div><!-- \/\/.wpzoom-elementor-addons-image-box -->\n\t\t\t\t\t\t<\/div>\n\t\t\t\t<\/div>\n\t\t\t\t\t<\/div>\n\t\t<\/div>\n\t\t\t\t<div class=\"elementor-column elementor-col-33 elementor-top-column elementor-element elementor-element-80396ee\" data-id=\"80396ee\" data-element_type=\"column\">\n\t\t\t<div class=\"elementor-widget-wrap elementor-element-populated\">\n\t\t\t\t\t\t<div class=\"elementor-element elementor-element-20f40e4 elementor-widget elementor-widget-wpzoom-elementor-addons-image-box\" data-id=\"20f40e4\" data-element_type=\"widget\" data-widget_type=\"wpzoom-elementor-addons-image-box.default\">\n\t\t\t\t<div class=\"elementor-widget-container\">\n\t\t\t\t\t\t\t<div class=\"wpzoom-elementor-addons-image-box\">\n\t\t\t<h3>\n\t\t\t\t<a href=\"https:\/\/www.lespetitesexperiences.com\/en\/beaux-portfolios-pour-des-creatifs-exceptionnels\/about\/marrakech-historique\/\" class=\"wpzoom-elementor-addons-image-box-link is-linked has-image\" style=\"background-image:url('https:\/\/www.lespetitesexperiences.com\/wp-content\/uploads\/2023\/04\/IMG_5500-scaled.jpg');\"><span>Marrakesh Historic<\/span><\/a>\t\t\t<\/h3>\n\t\t<\/div><!-- \/\/.wpzoom-elementor-addons-image-box -->\n\t\t\t\t\t\t<\/div>\n\t\t\t\t<\/div>\n\t\t\t\t\t<\/div>\n\t\t<\/div>\n\t\t\t\t\t<\/div>\n\t\t<\/section>\n\t\t\t\t<section class=\"elementor-section elementor-top-section elementor-element elementor-element-63152b8 elementor-section-full_width elementor-section-height-default elementor-section-height-default\" data-id=\"63152b8\" data-element_type=\"section\">\n\t\t\t\t\t\t<div class=\"elementor-container elementor-column-gap-default\">\n\t\t\t\t\t<div class=\"elementor-column elementor-col-33 elementor-top-column elementor-element elementor-element-1fd9c4e\" data-id=\"1fd9c4e\" data-element_type=\"column\">\n\t\t\t<div class=\"elementor-widget-wrap elementor-element-populated\">\n\t\t\t\t\t\t<div class=\"elementor-element elementor-element-97f7801 elementor-widget__width-inherit elementor-widget elementor-widget-wpzoom-elementor-addons-image-box\" data-id=\"97f7801\" data-element_type=\"widget\" data-widget_type=\"wpzoom-elementor-addons-image-box.default\">\n\t\t\t\t<div class=\"elementor-widget-container\">\n\t\t\t\t\t\t\t<div class=\"wpzoom-elementor-addons-image-box\">\n\t\t\t<h3>\n\t\t\t\t<a href=\"https:\/\/www.lespetitesexperiences.com\/en\/decouvrez-nos-experiences\/about\/marrakech-spirituel\/\" class=\"wpzoom-elementor-addons-image-box-link is-linked has-image\" style=\"background-image:url('https:\/\/www.lespetitesexperiences.com\/wp-content\/uploads\/2024\/03\/taraweeh.jpg');\"><span>Marrakesh Spiritual<\/span><\/a>\t\t\t<\/h3>\n\t\t<\/div><!-- \/\/.wpzoom-elementor-addons-image-box -->\n\t\t\t\t\t\t<\/div>\n\t\t\t\t<\/div>\n\t\t\t\t\t<\/div>\n\t\t<\/div>\n\t\t\t\t<div class=\"elementor-column elementor-col-33 elementor-top-column elementor-element elementor-element-79daebd\" data-id=\"79daebd\" data-element_type=\"column\">\n\t\t\t<div class=\"elementor-widget-wrap elementor-element-populated\">\n\t\t\t\t\t\t<div class=\"elementor-element elementor-element-0c197af elementor-widget elementor-widget-wpzoom-elementor-addons-image-box\" data-id=\"0c197af\" data-element_type=\"widget\" data-widget_type=\"wpzoom-elementor-addons-image-box.default\">\n\t\t\t\t<div class=\"elementor-widget-container\">\n\t\t\t\t\t\t\t<div class=\"wpzoom-elementor-addons-image-box\">\n\t\t\t<h3>\n\t\t\t\t<a href=\"https:\/\/www.lespetitesexperiences.com\/en\/decouvrez-nos-experiences\/about\/marrakech-artisanal\/\" class=\"wpzoom-elementor-addons-image-box-link is-linked has-image\" style=\"background-image:url('https:\/\/www.lespetitesexperiences.com\/wp-content\/uploads\/2025\/03\/20250224_185331-scaled.jpg');\"><span>Marrakesh Handmade<\/span><\/a>\t\t\t<\/h3>\n\t\t<\/div><!-- \/\/.wpzoom-elementor-addons-image-box -->\n\t\t\t\t\t\t<\/div>\n\t\t\t\t<\/div>\n\t\t\t\t\t<\/div>\n\t\t<\/div>\n\t\t\t\t<div class=\"elementor-column elementor-col-33 elementor-top-column elementor-element elementor-element-696e6bb\" data-id=\"696e6bb\" data-element_type=\"column\">\n\t\t\t<div class=\"elementor-widget-wrap elementor-element-populated\">\n\t\t\t\t\t\t<div class=\"elementor-element elementor-element-f1bbe07 elementor-widget elementor-widget-wpzoom-elementor-addons-image-box\" data-id=\"f1bbe07\" data-element_type=\"widget\" data-widget_type=\"wpzoom-elementor-addons-image-box.default\">\n\t\t\t\t<div class=\"elementor-widget-container\">\n\t\t\t\t\t\t\t<div class=\"wpzoom-elementor-addons-image-box\">\n\t\t\t<h3>\n\t\t\t\t<a href=\"https:\/\/www.lespetitesexperiences.com\/en\/decouvrez-nos-experiences\/petites-experiences-marrakech\/excursions-marrakech-atlas\/\" class=\"wpzoom-elementor-addons-image-box-link is-linked has-image\" style=\"background-image:url('https:\/\/www.lespetitesexperiences.com\/wp-content\/uploads\/2024\/02\/IMG_6258-scaled.jpg');\"><span>Days in The Atlas<\/span><\/a>\t\t\t<\/h3>\n\t\t<\/div><!-- \/\/.wpzoom-elementor-addons-image-box -->\n\t\t\t\t\t\t<\/div>\n\t\t\t\t<\/div>\n\t\t\t\t\t<\/div>\n\t\t<\/div>\n\t\t\t\t\t<\/div>\n\t\t<\/section>\n\t\t\t\t<section class=\"elementor-section elementor-top-section elementor-element elementor-element-9ad09e7 elementor-section-boxed elementor-section-height-default elementor-section-height-default\" data-id=\"9ad09e7\" data-element_type=\"section\">\n\t\t\t\t\t\t<div class=\"elementor-container elementor-column-gap-default\">\n\t\t\t\t\t<div class=\"elementor-column elementor-col-100 elementor-top-column elementor-element elementor-element-6b08732\" data-id=\"6b08732\" data-element_type=\"column\">\n\t\t\t<div class=\"elementor-widget-wrap elementor-element-populated\">\n\t\t\t\t\t\t<div class=\"elementor-element elementor-element-eeb8c4d elementor-widget elementor-widget-spacer\" data-id=\"eeb8c4d\" data-element_type=\"widget\" data-widget_type=\"spacer.default\">\n\t\t\t\t<div class=\"elementor-widget-container\">\n\t\t\t\t\t\t\t<div class=\"elementor-spacer\">\n\t\t\t<div class=\"elementor-spacer-inner\"><\/div>\n\t\t<\/div>\n\t\t\t\t\t\t<\/div>\n\t\t\t\t<\/div>\n\t\t\t\t<div class=\"elementor-element elementor-element-b4a1e1b elementor-widget elementor-widget-spacer\" data-id=\"b4a1e1b\" data-element_type=\"widget\" data-widget_type=\"spacer.default\">\n\t\t\t\t<div class=\"elementor-widget-container\">\n\t\t\t\t\t\t\t<div class=\"elementor-spacer\">\n\t\t\t<div class=\"elementor-spacer-inner\"><\/div>\n\t\t<\/div>\n\t\t\t\t\t\t<\/div>\n\t\t\t\t<\/div>\n\t\t\t\t\t<\/div>\n\t\t<\/div>\n\t\t\t\t\t<\/div>\n\t\t<\/section>\n\t\t\t\t<\/div>","protected":false},"excerpt":{"rendered":"<p>Marrakech est une ville tr\u00e8s touristique, et beaucoup de voyageurs passent compl\u00e8tement \u00e0 c\u00f4t\u00e9 de tout ce que la ville a \u00e0 offrir en termes d&rsquo;authenticit\u00e9, de belles rencontres, de culture vivante&#8230; Si vous aimez voyager hors des sentiers battus et souhaitez d\u00e9couvrir des excursions Marrakech autrement, loin des attrape-touristes, au contact de guides passionn\u00e9s &hellip; <\/p>\n<p class=\"link-more\"><a href=\"https:\/\/www.lespetitesexperiences.com\/en\/decouvrez-nos-experiences\/petites-experiences-marrakech\/\" class=\"more-link\">Read more<span class=\"screen-reader-text\"> \u00ab\u00a0Nos Petites Exp\u00e9riences \u00e0 Marrakech\u00a0\u00bb<\/span><\/a><\/p>","protected":false},"author":1,"featured_media":24,"parent":7,"menu_order":0,"comment_status":"closed","ping_status":"closed","template":"","meta":{"om_disable_all_campaigns":false,"_monsterinsights_skip_tracking":false,"_monsterinsights_sitenote_active":false,"_monsterinsights_sitenote_note":"","_monsterinsights_sitenote_category":0,"_uf_show_specific_survey":0,"_uf_disable_surveys":false,"footnotes":""},"class_list":["post-8","page","type-page","status-publish","has-post-thumbnail","hentry"],"_links":{"self":[{"href":"https:\/\/www.lespetitesexperiences.com\/en\/wp-json\/wp\/v2\/pages\/8","targetHints":{"allow":["GET"]}}],"collection":[{"href":"https:\/\/www.lespetitesexperiences.com\/en\/wp-json\/wp\/v2\/pages"}],"about":[{"href":"https:\/\/www.lespetitesexperiences.com\/en\/wp-json\/wp\/v2\/types\/page"}],"author":[{"embeddable":true,"href":"https:\/\/www.lespetitesexperiences.com\/en\/wp-json\/wp\/v2\/users\/1"}],"replies":[{"embeddable":true,"href":"https:\/\/www.lespetitesexperiences.com\/en\/wp-json\/wp\/v2\/comments?post=8"}],"version-history":[{"count":5,"href":"https:\/\/www.lespetitesexperiences.com\/en\/wp-json\/wp\/v2\/pages\/8\/revisions"}],"predecessor-version":[{"id":8057,"href":"https:\/\/www.lespetitesexperiences.com\/en\/wp-json\/wp\/v2\/pages\/8\/revisions\/8057"}],"up":[{"embeddable":true,"href":"https:\/\/www.lespetitesexperiences.com\/en\/wp-json\/wp\/v2\/pages\/7"}],"wp:featuredmedia":[{"embeddable":true,"href":"https:\/\/www.lespetitesexperiences.com\/en\/wp-json\/wp\/v2\/media\/24"}],"wp:attachment":[{"href":"https:\/\/www.lespetitesexperiences.com\/en\/wp-json\/wp\/v2\/media?parent=8"}],"curies":[{"name":"wp","href":"https:\/\/api.w.org\/{rel}","templated":true}]}}